{"id":69,"date":"2016-01-11T14:40:41","date_gmt":"2016-01-11T14:40:41","guid":{"rendered":"http:\/\/untref.edu.ar\/sitios\/mgaie\/?page_id=69"},"modified":"2017-09-14T17:50:01","modified_gmt":"2017-09-14T17:50:01","slug":"revista-raesta","status":"publish","type":"page","link":"https:\/\/untref.edu.ar\/sitios\/mgaie\/revista-raesta\/","title":{"rendered":"Revista RAESTA"},"content":{"rendered":"<p>La Revista Argentina de Estad\u00edstica Aplicada (RAEstA) es una publicaci\u00f3n destinada a la difusi\u00f3n de informaci\u00f3n cient\u00edfica y t\u00e9cnica original en el campo de la Estad\u00edstica Aplicada promovida por la Maestr\u00eda de Generaci\u00f3n y An\u00e1lisis de Informaci\u00f3n Estad\u00edstica y la Carrera de grado de Estad\u00edstica de la Universidad Nacional de Tres de Febrero.<\/p>\n<p>Esta Revista se propone generar un espacio propicio en el \u00e1mbito acad\u00e9mico para el an\u00e1lisis, el desarrollo y la difusi\u00f3n de las herramientas que la Estad\u00edstica posee en el campo de la generaci\u00f3n y el an\u00e1lisis de datos. En ese sentido, sus destinatarios son todos los profesionales y\/o investigadores de cualquier \u00e1rea tem\u00e1tica.<\/p>\n<p>Los criterios aplicados para la selecci\u00f3n \u00a0de art\u00edculos, documentos, recesiones de tesis, entrevistas y\/o rese\u00f1as bibliogr\u00e1ficas que conforman las diferentes secciones de\u00a0 la revista promueven: la aplicaci\u00f3n de t\u00e9cnicas estad\u00edsticas para el an\u00e1lisis de datos en todos los campos de aplicaci\u00f3n; el uso novedoso de fuentes de informaci\u00f3n existentes; el desarrollo de indicadores para la medici\u00f3n de fen\u00f3menos econ\u00f3micos y sociales emergentes, as\u00ed como la rigurosidad metodol\u00f3gica en la generaci\u00f3n de informaci\u00f3n estad\u00edstica.<\/p>\n<p>Se invita a profesionales, t\u00e9cnicos docentes, investigadores y estudiantes de Universidades Nacionales e internacionales, Centros de Investigaci\u00f3n (p\u00fablicos y privados), organismos productores de datos (p\u00fablicos y privados), ONG\u00b4s y a todo el p\u00fablico en general interesado en la tem\u00e1tica a presentar sus contribuciones.<\/p>\n<p style=\"text-align: right\">Lic. Jorge Fern\u00e1ndez Bussy<br \/>\nDirector de la Maestr\u00eda GAIE<\/p>\n<p>&nbsp;<\/p>\n<p><strong>RAESTA &#8211; N\u00fameros disponibles:\u00a0<a href=\"http:\/\/untref.edu.ar\/raesta\/\">http:\/\/untref.edu.ar\/raesta\/<\/a><\/strong><\/p>\n<p>N\u00famero 1 (A\u00f1o 2014)<\/p>\n<p>N\u00famero 2 (A\u00f1o 2015)<\/p>\n<p>N\u00famero 3 (A\u00f1o 2016)<\/p>\n<p><strong>Normas de publicaci\u00f3n:\u00a0<a href=\"http:\/\/untref.edu.ar\/raesta\/normas.php\">http:\/\/untref.edu.ar\/raesta\/normas.php<\/a><\/strong><\/p>\n<p>&nbsp;<\/p>\n","protected":false},"excerpt":{"rendered":"<p>La Revista Argentina de Estad\u00edstica Aplicada (RAEstA) es una publicaci\u00f3n destinada a la difusi\u00f3n de informaci\u00f3n cient\u00edfica y t\u00e9cnica original en el campo de la Estad\u00edstica Aplicada promovida por la Maestr\u00eda de Generaci\u00f3n y An\u00e1lisis de Informaci\u00f3n Estad\u00edstica y la Carrera de grado de Estad\u00edstica de la Universidad Nacional de Tres de Febrero. Esta Revista [&hellip;]<\/p>\n","protected":false},"author":1,"featured_media":0,"parent":0,"menu_order":0,"comment_status":"closed","ping_status":"closed","template":"","meta":[],"acf":[],"_links":{"self":[{"href":"https:\/\/untref.edu.ar\/sitios\/mgaie\/wp-json\/wp\/v2\/pages\/69"}],"collection":[{"href":"https:\/\/untref.edu.ar\/sitios\/mgaie\/wp-json\/wp\/v2\/pages"}],"about":[{"href":"https:\/\/untref.edu.ar\/sitios\/mgaie\/wp-json\/wp\/v2\/types\/page"}],"author":[{"embeddable":true,"href":"https:\/\/untref.edu.ar\/sitios\/mgaie\/wp-json\/wp\/v2\/users\/1"}],"replies":[{"embeddable":true,"href":"https:\/\/untref.edu.ar\/sitios\/mgaie\/wp-json\/wp\/v2\/comments?post=69"}],"version-history":[{"count":8,"href":"https:\/\/untref.edu.ar\/sitios\/mgaie\/wp-json\/wp\/v2\/pages\/69\/revisions"}],"predecessor-version":[{"id":339,"href":"https:\/\/untref.edu.ar\/sitios\/mgaie\/wp-json\/wp\/v2\/pages\/69\/revisions\/339"}],"wp:attachment":[{"href":"https:\/\/untref.edu.ar\/sitios\/mgaie\/wp-json\/wp\/v2\/media?parent=69"}],"curies":[{"name":"wp","href":"https:\/\/api.w.org\/{rel}","templated":true}]}}