{"id":36,"date":"2016-01-06T20:50:20","date_gmt":"2016-01-06T20:50:20","guid":{"rendered":"http:\/\/untref.edu.ar\/sitios\/mgaie\/?page_id=36"},"modified":"2023-09-13T02:54:45","modified_gmt":"2023-09-13T02:54:45","slug":"contacto","status":"publish","type":"page","link":"https:\/\/untref.edu.ar\/sitios\/mgaie\/contacto\/","title":{"rendered":"Contacto"},"content":{"rendered":"<p><strong>MAESTRIA EN GENERACI\u00d3N Y ANALISIS DE INFORMACI\u00d3N ESTAD\u00cdSTICA<\/strong><\/p>\n<p>Director Lic. Jorge Fern\u00e1ndez Bussy. Correo electr\u00f3nico:<strong> <a href=\"mailto:jfbussy@untref.edu.ar\" target=\"_blank\" rel=\"noopener noreferrer\">jfbussy@untref.edu.ar<\/a><\/strong><\/p>\n<p>Tel\u00e9fono. (54-11) 5236 2342<\/p>\n<p><strong>Sede Rectorado: <\/strong>Juncal 1319, 3\u00ba piso, Ciudad de Buenos Aires.<\/p>\n<p>Correo electr\u00f3nico institucional: <a href=\"mailto:maestriaestadistica@untref.edu.ar\"><strong>maestriaestadistica@untref.edu.ar<\/strong><\/a><\/p>\n<p>Tel\u00e9fono. (54-11) 4314 &#8211; 0022<\/p>\n<p><strong>Sede Posgrados:<\/strong>\u00a0Maip\u00fa 71, Ciudad de Buenos Aires.<\/p>\n","protected":false},"excerpt":{"rendered":"<p>MAESTRIA EN GENERACI\u00d3N Y ANALISIS DE INFORMACI\u00d3N ESTAD\u00cdSTICA Director Lic. Jorge Fern\u00e1ndez Bussy. Correo electr\u00f3nico: jfbussy@untref.edu.ar Tel\u00e9fono. (54-11) 5236 2342 Sede Rectorado: Juncal 1319, 3\u00ba piso, Ciudad de Buenos Aires. Correo electr\u00f3nico institucional: maestriaestadistica@untref.edu.ar Tel\u00e9fono. (54-11) 4314 &#8211; 0022 Sede Posgrados:\u00a0Maip\u00fa 71, Ciudad de Buenos Aires.<\/p>\n","protected":false},"author":1,"featured_media":0,"parent":0,"menu_order":0,"comment_status":"closed","ping_status":"closed","template":"","meta":[],"acf":[],"_links":{"self":[{"href":"https:\/\/untref.edu.ar\/sitios\/mgaie\/wp-json\/wp\/v2\/pages\/36"}],"collection":[{"href":"https:\/\/untref.edu.ar\/sitios\/mgaie\/wp-json\/wp\/v2\/pages"}],"about":[{"href":"https:\/\/untref.edu.ar\/sitios\/mgaie\/wp-json\/wp\/v2\/types\/page"}],"author":[{"embeddable":true,"href":"https:\/\/untref.edu.ar\/sitios\/mgaie\/wp-json\/wp\/v2\/users\/1"}],"replies":[{"embeddable":true,"href":"https:\/\/untref.edu.ar\/sitios\/mgaie\/wp-json\/wp\/v2\/comments?post=36"}],"version-history":[{"count":7,"href":"https:\/\/untref.edu.ar\/sitios\/mgaie\/wp-json\/wp\/v2\/pages\/36\/revisions"}],"predecessor-version":[{"id":961,"href":"https:\/\/untref.edu.ar\/sitios\/mgaie\/wp-json\/wp\/v2\/pages\/36\/revisions\/961"}],"wp:attachment":[{"href":"https:\/\/untref.edu.ar\/sitios\/mgaie\/wp-json\/wp\/v2\/media?parent=36"}],"curies":[{"name":"wp","href":"https:\/\/api.w.org\/{rel}","templated":true}]}}