{"id":30,"date":"2016-01-06T20:49:32","date_gmt":"2016-01-06T20:49:32","guid":{"rendered":"http:\/\/untref.edu.ar\/sitios\/mgaie\/?page_id=30"},"modified":"2026-03-07T03:00:39","modified_gmt":"2026-03-07T03:00:39","slug":"cronograma-normativa","status":"publish","type":"page","link":"https:\/\/untref.edu.ar\/sitios\/mgaie\/cronograma-normativa\/","title":{"rendered":"Cronograma &#8211; Normativa"},"content":{"rendered":"<p><strong>Cronograma 2026<\/strong><\/p>\n<p><b><u>Proceso de inscripci\u00f3n<\/u>:\u00a0<\/b>habilitado entre el\u00a0 3 de febrero <b>y el 13 de marzo de 2026.<\/b><\/p>\n<p><strong>1er a\u00f1o<\/strong><\/p>\n<p>16 de marzo: curso de nivelaci\u00f3n en Matem\u00e1tica y Estad\u00edstica<\/p>\n<p>1 de abril: inicio del primer cuatrimestre<\/p>\n<p><strong>2do a\u00f1o<\/strong><\/p>\n<p>abril: inicio del primer cuatrimestre<\/p>\n<p><strong>Reglamentos MGAIE<\/strong><\/p>\n<ul>\n<li><a href=\"http:\/\/untref.edu.ar\/wp-content\/uploads\/2013\/04\/Reglamento-de-Posgrados-012-13-1.pdf\" target=\"_blank\" rel=\"noopener noreferrer\">Reglamento de posgrado<\/a><\/li>\n<li><a href=\"http:\/\/untref.edu.ar\/sitios\/mgaie\/wp-content\/uploads\/sites\/15\/2016\/01\/Maestr\u00eda-en-GyAIE-Reglamento-de-la-Carrera-2017.pdf\">Reglamento de la Carrera<\/a><\/li>\n<li><a href=\"https:\/\/drive.google.com\/file\/d\/1ph24V6MCC5sKuSMMS64ozAUk5z3Xarl8\/view?usp=sharing\" target=\"_blank\" rel=\"noopener noreferrer\">Protocolo Tesis (Nueva versi\u00f3n actualizada 2024)<\/a><\/li>\n<li><a href=\"https:\/\/drive.google.com\/file\/d\/1DvEEEUKEC46b3iS-CjkSax2mi2mDnsiO\/view?usp=sharing\">Plan de Estudios 2026<\/a><\/li>\n<\/ul>\n","protected":false},"excerpt":{"rendered":"<p>Cronograma 2026 Proceso de inscripci\u00f3n:\u00a0habilitado entre el\u00a0 3 de febrero y el 13 de marzo de 2026. 1er a\u00f1o 16 de marzo: curso de nivelaci\u00f3n en Matem\u00e1tica y Estad\u00edstica 1 de abril: inicio del primer cuatrimestre 2do a\u00f1o abril: inicio del primer cuatrimestre Reglamentos MGAIE Reglamento de posgrado Reglamento de la Carrera Protocolo Tesis (Nueva [&hellip;]<\/p>\n","protected":false},"author":1,"featured_media":0,"parent":0,"menu_order":0,"comment_status":"closed","ping_status":"closed","template":"","meta":[],"acf":[],"_links":{"self":[{"href":"https:\/\/untref.edu.ar\/sitios\/mgaie\/wp-json\/wp\/v2\/pages\/30"}],"collection":[{"href":"https:\/\/untref.edu.ar\/sitios\/mgaie\/wp-json\/wp\/v2\/pages"}],"about":[{"href":"https:\/\/untref.edu.ar\/sitios\/mgaie\/wp-json\/wp\/v2\/types\/page"}],"author":[{"embeddable":true,"href":"https:\/\/untref.edu.ar\/sitios\/mgaie\/wp-json\/wp\/v2\/users\/1"}],"replies":[{"embeddable":true,"href":"https:\/\/untref.edu.ar\/sitios\/mgaie\/wp-json\/wp\/v2\/comments?post=30"}],"version-history":[{"count":23,"href":"https:\/\/untref.edu.ar\/sitios\/mgaie\/wp-json\/wp\/v2\/pages\/30\/revisions"}],"predecessor-version":[{"id":1084,"href":"https:\/\/untref.edu.ar\/sitios\/mgaie\/wp-json\/wp\/v2\/pages\/30\/revisions\/1084"}],"wp:attachment":[{"href":"https:\/\/untref.edu.ar\/sitios\/mgaie\/wp-json\/wp\/v2\/media?parent=30"}],"curies":[{"name":"wp","href":"https:\/\/api.w.org\/{rel}","templated":true}]}}