{"id":26,"date":"2016-01-06T20:48:38","date_gmt":"2016-01-06T20:48:38","guid":{"rendered":"http:\/\/untref.edu.ar\/sitios\/mgaie\/?page_id=26"},"modified":"2026-03-07T03:08:23","modified_gmt":"2026-03-07T03:08:23","slug":"cuerpo-docente","status":"publish","type":"page","link":"https:\/\/untref.edu.ar\/sitios\/mgaie\/cuerpo-docente\/","title":{"rendered":"Cuerpo Docente"},"content":{"rendered":"\n<p><strong>Director<\/strong>: Mgter. M.Leonor P\u00e9rez Bruno\u00a0<a href=\"https:\/\/untref.edu.ar\/sitios\/mgaie\/wp-admin\/mlpbruno@untref.edu.ar\">mlpbruno@untref.edu.ar<\/a><\/p>\n\n\n\n<p><strong>Coordinador Ciclo Com\u00fan: <\/strong>Lic. Roberto Mui\u00f1os <a href=\"rmuinos@untref.edu.ar\" data-type=\"URL\" data-id=\"rmuinos@untref.edu.ar\">rmuinos@untref.edu.ar<\/a> <\/p>\n\n\n\n<p><strong>Coordinador de la Orientaci\u00f3n en Estad\u00edsticas Econ\u00f3micas<\/strong>: Dr. Luis Trajtenberg&nbsp; <a href=\"ltrajtenberg@untref.edu.ar\" data-type=\"URL\" data-id=\"ltrajtenberg@untref.edu.ar\">ltrajtenberg@untref.edu.ar<\/a><\/p>\n\n\n\n<p><strong>Coordinador de la Orientaci\u00f3n en Estad\u00edsticas Sociodemogr\u00e1ficas<\/strong>: Esp. Mar\u00eda Leonor P\u00e9rez Bruno <a href=\"mlpbruno@untref.edu.ar\">mlbruno@untref.edu.ar <\/a><\/p>\n\n\n\n<p><strong>Coordinador de la Orientaci\u00f3n en Estad\u00edsticas de Opini\u00f3n P\u00fablica y Mercado<\/strong>: Lic. Hugo Delfino&nbsp; <a href=\"mailto:hdelfino@untref.edu.ar\">hdelfino@untref.edu.ar<\/a><\/p>\n\n\n\n<p>Coordinaci\u00f3n<strong> Acad\u00e9mica y T\u00e9cnica:<\/strong> Mg. Lucas Klobovs <a href=\"lklobovs@untref.edu.ar\" data-type=\"URL\" data-id=\"lklobovs@untref.edu.ar\">lklobovs@untref.udu.ar <\/a> y Lic. Paula Krause <a href=\"https:\/\/untref.edu.ar\/sitios\/mgaie\/wp-admin\/pkrause@untref.edu.ar\">pkrause@untref.edu.ar<\/a><\/p>\n\n\n\n<p class=\"has-text-align-left\"><strong>Coordinaci\u00f3n Administrativa<\/strong>: Astrid Espinosa <a href=\"aespinposa@untref.edu.ar\" data-type=\"URL\" data-id=\"aespinposa@untref.edu.ar\">aespinposa@untref.edu.ar<\/a>  <\/p>\n\n\n\n<p class=\"has-text-align-left\"><strong>Docentes<\/strong>: \u00a0Mg. Eduardo Su\u00e1rez, Lic. Ernesto A. Rosa, Dra. Gladys Mass\u00e9, Lic. Hugo Delfino, Lic. Jorge A. Fern\u00e1ndez Bussy, Lic. Leonor P\u00e9rez Bruno, Lic. Luis Alberto Trajtenberg, Dr. Miguel Oliva, Mg. Jorge Carpio, Lic. Gerardo Tu\u00f1\u00f3n Corti, Lic. Roberto Mui\u00f1os, Lic. Nicol\u00e1s Cha, Mg. Silvana Cavallari, Mg. Lucas Klobovs, Lic, Juan Jos\u00e9 Lloret, Mg. Felipe Gonz\u00e1lez, Dr. Saul Keifman, Lic. Augusto Hoszowski, Dra.\u00a0 Gabriela Benza,  Dr. Hern\u00e1n Manzelli, Mg. Juan Manuel Fern\u00e1ndez.<\/p>\n\n\n\n<p><strong>Contacto:<\/strong> <a href=\"mailto:maestriaestadistica@untref.edu.ar\">maestriaestadistica@untref.edu.ar<\/a><\/p>\n","protected":false},"excerpt":{"rendered":"<p>Director: Mgter. M.Leonor P\u00e9rez Bruno\u00a0mlpbruno@untref.edu.ar Coordinador Ciclo Com\u00fan: Lic. Roberto Mui\u00f1os rmuinos@untref.edu.ar Coordinador de la Orientaci\u00f3n en Estad\u00edsticas Econ\u00f3micas: Dr. Luis Trajtenberg&nbsp; ltrajtenberg@untref.edu.ar Coordinador de la Orientaci\u00f3n en Estad\u00edsticas Sociodemogr\u00e1ficas: Esp. Mar\u00eda Leonor P\u00e9rez Bruno mlbruno@untref.edu.ar Coordinador de la Orientaci\u00f3n en Estad\u00edsticas de Opini\u00f3n P\u00fablica y Mercado: Lic. Hugo Delfino&nbsp; hdelfino@untref.edu.ar Coordinaci\u00f3n Acad\u00e9mica y T\u00e9cnica: [&hellip;]<\/p>\n","protected":false},"author":1,"featured_media":0,"parent":0,"menu_order":0,"comment_status":"closed","ping_status":"closed","template":"","meta":[],"acf":[],"_links":{"self":[{"href":"https:\/\/untref.edu.ar\/sitios\/mgaie\/wp-json\/wp\/v2\/pages\/26"}],"collection":[{"href":"https:\/\/untref.edu.ar\/sitios\/mgaie\/wp-json\/wp\/v2\/pages"}],"about":[{"href":"https:\/\/untref.edu.ar\/sitios\/mgaie\/wp-json\/wp\/v2\/types\/page"}],"author":[{"embeddable":true,"href":"https:\/\/untref.edu.ar\/sitios\/mgaie\/wp-json\/wp\/v2\/users\/1"}],"replies":[{"embeddable":true,"href":"https:\/\/untref.edu.ar\/sitios\/mgaie\/wp-json\/wp\/v2\/comments?post=26"}],"version-history":[{"count":22,"href":"https:\/\/untref.edu.ar\/sitios\/mgaie\/wp-json\/wp\/v2\/pages\/26\/revisions"}],"predecessor-version":[{"id":1085,"href":"https:\/\/untref.edu.ar\/sitios\/mgaie\/wp-json\/wp\/v2\/pages\/26\/revisions\/1085"}],"wp:attachment":[{"href":"https:\/\/untref.edu.ar\/sitios\/mgaie\/wp-json\/wp\/v2\/media?parent=26"}],"curies":[{"name":"wp","href":"https:\/\/api.w.org\/{rel}","templated":true}]}}