{"id":261,"date":"2015-03-21T20:40:14","date_gmt":"2015-03-21T20:40:14","guid":{"rendered":"http:\/\/gac.dev\/?page_id=6"},"modified":"2015-05-27T16:00:43","modified_gmt":"2015-05-27T16:00:43","slug":"plan-de-estudios","status":"publish","type":"page","link":"https:\/\/untref.edu.ar\/sitios\/gac\/plan-de-estudios\/","title":{"rendered":"Plan de Estudios"},"content":{"rendered":"<p>Desde la creaci\u00f3n de la carrera, la primera en una universidad p\u00fablica en formar profesionales en gesti\u00f3n cultural, uno de los desaf\u00edos fue conformar un cuerpo docente para una carrera novedosa, conformado por profesores que cumplieran una doble condici\u00f3n: tener antecedentes acad\u00e9micos y al mismo tiempo antecedentes en el campo profesional espec\u00edfico. En ese sentido, la carrera est\u00e1 integrada por docentes que son referentes en el campo profesional y acad\u00e9mico de la gesti\u00f3n cultural en las artes visuales, teatro y danza, artesan\u00eda y folklore, las industrias culturales, la curadur\u00eda en artes visuales, las artes multimedia y artes digitales, por citar s\u00f3lo algunos ejemplos del campo profesional.<\/p>\n<p>&nbsp;<\/p>\n<p>La Carrera de Gesti\u00f3n del Arte y la Cultura tiene una duraci\u00f3n de 4 (cuatro) a\u00f1os\u00a0 y a la finalizaci\u00f3n se obtiene el t\u00edtulo de Licenciado en Gesti\u00f3n del Arte y la Cultura. Adem\u00e1s, los estudiantes que cumplen con la aprobaci\u00f3n de las asignaturas que componen el tramo t\u00e9cnico de la Carrera (las primeras 24 asignaturas que integran el Plan de Estudios de la Licenciatura) obtienen el t\u00edtulo de: T\u00e9cnico en Gesti\u00f3n del Arte y la Cultura. La duraci\u00f3n de la Tecnicatura es de dos a\u00f1os y 6 seis meses.<\/p>\n","protected":false},"excerpt":{"rendered":"<p>Desde la creaci\u00f3n de la carrera, la primera en una universidad p\u00fablica en formar profesionales en gesti\u00f3n cultural, uno de los desaf\u00edos fue conformar un cuerpo docente para una carrera novedosa, conformado por profesores que cumplieran una doble condici\u00f3n: tener antecedentes acad\u00e9micos y al mismo tiempo antecedentes en el campo profesional espec\u00edfico. En ese sentido, [&hellip;]<\/p>\n","protected":false},"author":3,"featured_media":0,"parent":0,"menu_order":0,"comment_status":"closed","ping_status":"closed","template":"","meta":[],"acf":[],"_links":{"self":[{"href":"https:\/\/untref.edu.ar\/sitios\/gac\/wp-json\/wp\/v2\/pages\/261"}],"collection":[{"href":"https:\/\/untref.edu.ar\/sitios\/gac\/wp-json\/wp\/v2\/pages"}],"about":[{"href":"https:\/\/untref.edu.ar\/sitios\/gac\/wp-json\/wp\/v2\/types\/page"}],"author":[{"embeddable":true,"href":"https:\/\/untref.edu.ar\/sitios\/gac\/wp-json\/wp\/v2\/users\/3"}],"replies":[{"embeddable":true,"href":"https:\/\/untref.edu.ar\/sitios\/gac\/wp-json\/wp\/v2\/comments?post=261"}],"version-history":[{"count":3,"href":"https:\/\/untref.edu.ar\/sitios\/gac\/wp-json\/wp\/v2\/pages\/261\/revisions"}],"predecessor-version":[{"id":488,"href":"https:\/\/untref.edu.ar\/sitios\/gac\/wp-json\/wp\/v2\/pages\/261\/revisions\/488"}],"wp:attachment":[{"href":"https:\/\/untref.edu.ar\/sitios\/gac\/wp-json\/wp\/v2\/media?parent=261"}],"curies":[{"name":"wp","href":"https:\/\/api.w.org\/{rel}","templated":true}]}}