{"id":260,"date":"2015-03-21T19:41:59","date_gmt":"2015-03-21T19:41:59","guid":{"rendered":"http:\/\/gac.dev\/?page_id=2"},"modified":"2015-05-26T16:28:53","modified_gmt":"2015-05-26T16:28:53","slug":"bienvenida-2","status":"publish","type":"page","link":"https:\/\/untref.edu.ar\/sitios\/gac\/bienvenida-2\/","title":{"rendered":"Bienvenida"},"content":{"rendered":"<p><span lang=\"ES-AR\">Tengo el gusto de darte la bienvenida en tu visita a la p\u00e1gina de nuestra carrera, la Licenciatura en Gesti\u00f3n del Arte y la Cultura de la UNTREF, carrera con a\u00f1os de trayectoria en la formaci\u00f3n de t\u00e9cnicos y licenciados en gesti\u00f3n cultural.<\/span><\/p>\n<p>&nbsp;<\/p>\n<p><span lang=\"ES-AR\">Desde la creaci\u00f3n de la carrera, la primera en una universidad p\u00fablica en formar profesionales en gesti\u00f3n cultural, uno de los desaf\u00edos fue conformar un cuerpo docente para una carrera novedosa, conformado por profesores que cumplieran una doble condici\u00f3n: tener antecedentes acad\u00e9micos y al mismo tiempo antecedentes en el campo profesional espec\u00edfico. En ese sentido, la carrera est\u00e1 integrada por docentes que son referentes en el campo profesional y acad\u00e9mico de la gesti\u00f3n cultural en las artes visuales, teatro y danza, artesan\u00eda y folklore, las industrias culturales, la curadur\u00eda en artes visuales, las artes multimedia y artes digitales, por citar s\u00f3lo algunos ejemplos del campo profesional.<\/span><\/p>\n<p>&nbsp;<\/p>\n<p><span lang=\"ES-AR\">En nuestra carrera concebimos la educaci\u00f3n no s\u00f3lo en el plano de la formaci\u00f3n t\u00e9cnica y cient\u00edfica, sino como un proceso que contribuye al crecimiento y maduraci\u00f3n de nuestros estudiantes, formando profesionales comprometidos con su propia comunidad y preparados para los desaf\u00edos del mundo actual.<\/span><\/p>\n<p>&nbsp;<\/p>\n<p><span lang=\"ES-AR\">Recibe un saludo cordial, en nombre de nuestra comunidad acad\u00e9mica y no dudes en comunicarte con nosotros.\u00a0<\/span><\/p>\n<p>&nbsp;<\/p>\n<p style=\"text-align: right\"><a href=\"http:\/\/untref.edu.ar\/sitios\/gac\/wp-content\/uploads\/sites\/3\/2015\/03\/16061348876_854e74ee20_m.jpg\"><img loading=\"lazy\" class=\"alignnone wp-image-433 size-thumbnail\" src=\"http:\/\/untref.edu.ar\/sitios\/gac\/wp-content\/uploads\/sites\/3\/2015\/03\/16061348876_854e74ee20_m-150x150.jpg\" alt=\"16061348876_854e74ee20_m\" width=\"150\" height=\"150\" \/><\/a><\/p>\n<p style=\"text-align: right\">Lic.\u00a0 Enrique Valiente<\/p>\n<p style=\"text-align: right\">Coordinador de la Licenciatura en Gesti\u00f3n del Arte y la Cultura<\/p>\n<p style=\"text-align: right\">Universidad Nacional de Tres de Febrero<\/p>\n<p style=\"text-align: right\"><a href=\"mailto:evaliente@untref.edu.ar\">evaliente@untref.edu.ar<\/a><\/p>\n","protected":false},"excerpt":{"rendered":"<p>Tengo el gusto de darte la bienvenida en tu visita a la p\u00e1gina de nuestra carrera, la Licenciatura en Gesti\u00f3n del Arte y la Cultura de la UNTREF, carrera con a\u00f1os de trayectoria en la formaci\u00f3n de t\u00e9cnicos y licenciados en gesti\u00f3n cultural. &nbsp; Desde la creaci\u00f3n de la carrera, la primera en una universidad [&hellip;]<\/p>\n","protected":false},"author":3,"featured_media":0,"parent":0,"menu_order":0,"comment_status":"closed","ping_status":"closed","template":"","meta":[],"acf":[],"_links":{"self":[{"href":"https:\/\/untref.edu.ar\/sitios\/gac\/wp-json\/wp\/v2\/pages\/260"}],"collection":[{"href":"https:\/\/untref.edu.ar\/sitios\/gac\/wp-json\/wp\/v2\/pages"}],"about":[{"href":"https:\/\/untref.edu.ar\/sitios\/gac\/wp-json\/wp\/v2\/types\/page"}],"author":[{"embeddable":true,"href":"https:\/\/untref.edu.ar\/sitios\/gac\/wp-json\/wp\/v2\/users\/3"}],"replies":[{"embeddable":true,"href":"https:\/\/untref.edu.ar\/sitios\/gac\/wp-json\/wp\/v2\/comments?post=260"}],"version-history":[{"count":6,"href":"https:\/\/untref.edu.ar\/sitios\/gac\/wp-json\/wp\/v2\/pages\/260\/revisions"}],"predecessor-version":[{"id":435,"href":"https:\/\/untref.edu.ar\/sitios\/gac\/wp-json\/wp\/v2\/pages\/260\/revisions\/435"}],"wp:attachment":[{"href":"https:\/\/untref.edu.ar\/sitios\/gac\/wp-json\/wp\/v2\/media?parent=260"}],"curies":[{"name":"wp","href":"https:\/\/api.w.org\/{rel}","templated":true}]}}