{"id":237,"date":"2015-03-25T00:03:11","date_gmt":"2015-03-25T00:03:11","guid":{"rendered":"http:\/\/gac.dev\/?page_id=237"},"modified":"2018-12-13T18:40:29","modified_gmt":"2018-12-13T18:40:29","slug":"tesis-de-grado-2","status":"publish","type":"page","link":"https:\/\/untref.edu.ar\/sitios\/gac\/tesis-de-grado-2\/","title":{"rendered":"Tesis de Grado"},"content":{"rendered":"<p><span style=\"color: #222222\"><span style=\"font-family: 'Times New Roman', serif\"><span style=\"font-size: medium\">Koehler, Natalia. <\/span><\/span><\/span><\/p>\n<p><span style=\"color: #222222\"><span style=\"font-family: 'Times New Roman', serif\"><span style=\"font-size: medium\">\u00abModelos de formaci\u00f3n art\u00edstica en \u00e1reas de extensi\u00f3n universitaria. Diplomaturas art\u00edsticas del Centro Cultural de la Universidad Nacional de General Sarmiento\u00bb. 2018<\/span><\/span><\/span><\/p>\n<p><span style=\"color: #222222\"><span style=\"font-family: 'Times New Roman', serif\"><span style=\"font-size: medium\">Santiago, Lima.<\/span><\/span><\/span><\/p>\n<p><span style=\"color: #222222\"><span style=\"font-family: 'Times New Roman', serif\"><span style=\"font-size: medium\">\u00abLa Educaci\u00f3n Intercultural y Bilingue: modelo de gobernanza para la recuperaci\u00f3n cultural en las comunidades guaran\u00edes del Ramal Juje\u00f1o (2006-2015)\u00bb. 2018<\/span><\/span><\/span><\/p>\n<p><span style=\"font-family: 'Times New Roman', serif\"><span style=\"font-size: medium\">Mu\u00f1oz Iba\u00f1ez, Maria Trinidad<\/span><\/span><\/p>\n<p><span style=\"font-family: 'Times New Roman', serif\"><span style=\"font-size: medium\">Funcionamiento y Gesti\u00f3n del Teatro de Repertorio del Norte (TRN): un estudio de caso de tres de obras en el \u00e1rea de escenograf\u00eda y vestuario. 2018<\/span><\/span><\/p>\n<p><span style=\"color: #000000\"><span style=\"font-family: 'Times New Roman', serif\"><span style=\"font-size: medium\">Slipakoff, Ivana Yanina<\/span><\/span><\/span><\/p>\n<p><span style=\"font-family: 'Times New Roman', serif\"><span style=\"font-size: medium\">Visitas guiadas escolares y modelos pedag\u00f3gicos en la exposici\u00f3n Xul Solar. Panactivista en el MNBA. 2018<\/span><\/span><\/p>\n<p><span style=\"color: #000000\"><span style=\"font-family: 'Times New Roman', serif\"><span style=\"font-size: medium\">Ana Luc\u00eda Brass<\/span><\/span><\/span><\/p>\n<p><span style=\"font-family: 'Times New Roman', serif\"><span style=\"font-size: medium\">El proceso de emergencia e institucionalizaci\u00f3n de las visitas guiadas en el Palacio Legislativo Nacional como estrategia cultural. Una propuesta para su periodizaci\u00f3n 1984-2015. 2018<\/span><\/span><\/p>\n<p><span style=\"color: #000000\"><span style=\"font-family: 'Times New Roman', serif\"><span style=\"font-size: medium\">Vovchuk, Leandro Daniel<\/span><\/span><\/span><\/p>\n<p><span style=\"font-family: 'Times New Roman', serif\"><span style=\"font-size: medium\">Comunicaci\u00f3n y gesti\u00f3n cultural. El caso del Festival Enlaces (Untref) y la comunicaci\u00f3n digital. 2018<\/span><\/span><\/p>\n<p><span style=\"font-family: 'Times New Roman', serif\"><span style=\"font-size: medium\">Aparicio, Mariana Laura<\/span><\/span><\/p>\n<p><a name=\"_GoBack\"><\/a> <span style=\"font-family: 'Times New Roman', serif\"><span style=\"font-size: medium\">Programa Arte y Di\u00e1logo para el desarrollo local en Pehuaj\u00f3 (2009 &#8211; 2011). 2017<\/span><\/span><\/p>\n<p><span style=\"font-family: 'Times New Roman', serif\"><span style=\"font-size: medium\">Lopez Brazzola, Martina<\/span><\/span><\/p>\n<p><span style=\"font-family: 'Times New Roman', serif\"><span style=\"font-size: medium\">Institucionalizaci\u00f3n y poder en las pol\u00edticas p\u00fablicas sobre patrimonio cultural vivo y fiesta popular: definiciones en pugna, sombras y resistencias : el caso del carnaval en la Ciudad de Buenos aires. 2017.<\/span><\/span><\/p>\n<p><span style=\"font-family: 'Times New Roman', serif\"><span style=\"font-size: medium\">Laprida, Alma Iris<\/span><\/span><\/p>\n<p><span style=\"font-family: 'Times New Roman', serif\"><span style=\"font-size: medium\">Formatos digitales, m\u00fasica y memoria: experimentaci\u00f3n sonora en la ciudad de Buenos Aires. 2016.<\/span><\/span><\/p>\n<p><span style=\"font-family: 'Times New Roman', serif\"><span style=\"font-size: medium\">Mazzotta, Moira Beatriz<\/span><\/span><\/p>\n<p><span style=\"font-family: 'Times New Roman', serif\"><span style=\"font-size: medium\">Proyecto Boltanski Buenos Aires: montaje, est\u00e9tica y teatralidad, el caso del ex Hotel de Inmigrantes. 2016.<\/span><\/span><\/p>\n<p><span style=\"font-family: 'Times New Roman', serif\"><span style=\"font-size: medium\">Hermida, Mar\u00eda Florencia<\/span><\/span><\/p>\n<p><span style=\"font-family: 'Times New Roman', serif\"><span style=\"font-size: medium\">La configuraci\u00f3n de la experiencia en la visita guiada : a trav\u00e9s de la museograf\u00eda, la curadur\u00eda y las pol\u00edticas educativas : caso de estudio : Museo de la Inmigraci\u00f3n. 2016.<\/span><\/span><\/p>\n<p><span style=\"font-family: 'Times New Roman', serif\"><span style=\"font-size: medium\">Ambrosio, Magal\u00ed Lorena<\/span><\/span><\/p>\n<p><span style=\"font-family: 'Times New Roman', serif\"><span style=\"font-size: medium\">Ronda inclusiva, hacia la accesibilidad en los museos : una experiencia en el marco del Programa Ronda Cultural. 2016.<\/span><\/span><\/p>\n<p><span style=\"font-family: 'Times New Roman', serif\"><span style=\"font-size: medium\">Castruccio, Mercedes<\/span><\/span><\/p>\n<p><span style=\"font-family: 'Times New Roman', serif\"><span style=\"font-size: medium\">La gesti\u00f3n cultural de la extraducci\u00f3n en la Argentina: el caso del programa sur de apoyo a las traducciones. 2016.<\/span><\/span><\/p>\n<p><span style=\"font-family: 'Times New Roman', serif\"><span style=\"font-size: medium\">Muschetto, Alma Cecilia<\/span><\/span><\/p>\n<p><span style=\"font-family: 'Times New Roman', serif\"><span style=\"font-size: medium\">La gesti\u00f3n del arte er\u00f3tico contempor\u00e1neo: an\u00e1lisis de la exposici\u00f3n Espacio Er\u00f3tico ediciones 2010 al 2012. 2016.<\/span><\/span><\/p>\n<p><span style=\"font-family: 'Times New Roman', serif\"><span style=\"font-size: medium\">Sardelli, Aldana Calina<\/span><\/span><\/p>\n<p><span style=\"font-family: 'Times New Roman', serif\"><span style=\"font-size: medium\">Tipos de ideales de autogesti\u00f3n en relaci\u00f3n con el Estado : an\u00e1lisis de caso de la Asociaci\u00f3n Civil El Transformador. 2016.<\/span><\/span><\/p>\n<p><span style=\"font-family: 'Times New Roman', serif\"><span style=\"font-size: medium\">Fabbretti, Romina Mar\u00eda<\/span><\/span><\/p>\n<p><span style=\"font-family: 'Times New Roman', serif\"><span style=\"font-size: medium\">Los aportes de la escuelita como modelo de educaci\u00f3n por el arte en la ciudad de Buenos Aires (1959 &#8211; 1964). 2016.<\/span><\/span><\/p>\n<p><span style=\"font-family: 'Times New Roman', serif\"><span style=\"font-size: medium\">Fontana, Paola<\/span><\/span><\/p>\n<p><span style=\"font-family: 'Times New Roman', serif\"><span style=\"font-size: medium\">Concurso de fotograf\u00eda sobre el suelo de la Asociaci\u00f3n Argentina de la Ciencia del Suelo. 2015.<\/span><\/span><\/p>\n<p><span style=\"font-family: 'Times New Roman', serif\"><span style=\"font-size: medium\">Osuna, Sof\u00eda Paula Bernardette<\/span><\/span><\/p>\n<p><span style=\"font-family: 'Times New Roman', serif\"><span style=\"font-size: medium\">La funci\u00f3n educativa de los museos de arte: an\u00e1lisis del programa educativo &#8211; cultural Arte para chicos y Arte para todos del Muntref. 2015<\/span><\/span><\/p>\n<p><span style=\"font-family: 'Times New Roman', serif\"><span style=\"font-size: medium\">Giese, Ana In\u00e9s<\/span><\/span><\/p>\n<p><span style=\"font-family: 'Times New Roman', serif\"><span style=\"font-size: medium\">Un estudio en torno al gu\u00eda de museo: antecedentes, institucionalizaci\u00f3n y desarrollo de su pr\u00e1ctica. 2015.<\/span><\/span><\/p>\n<p><span style=\"font-family: 'Times New Roman', serif\"><span style=\"font-size: medium\">Gasparrou, Gabriel<\/span><\/span><\/p>\n<p><span style=\"font-family: 'Times New Roman', serif\"><span style=\"font-size: medium\">La sustentabilidad en el turismo cultural: an\u00e1lisis de caso: Proyectos Sustentables SRL. 2015.<\/span><\/span><\/p>\n<p><span style=\"font-family: 'Times New Roman', serif\"><span style=\"font-size: medium\">Britos, M\u00f3nica<\/span><\/span><\/p>\n<p><span style=\"font-family: 'Times New Roman', serif\"><span style=\"font-size: medium\">La gesti\u00f3n cultural del patrimonio y los organismos p\u00fablicos: el caso de la Auditor\u00eda General de la Naci\u00f3n. 2014.<\/span><\/span><\/p>\n<p><span style=\"font-family: 'Times New Roman', serif\"><span style=\"font-size: medium\">Heredia, Mariana Andrea<\/span><\/span><\/p>\n<p><span style=\"font-family: 'Times New Roman', serif\"><span style=\"font-size: medium\">Performance en Argentina: una aproximaci\u00f3n a las tendencias actuales a trav\u00e9s de la obra de Guadalupe Neves. 2014.<\/span><\/span><\/p>\n<p><span style=\"font-family: 'Times New Roman', serif\"><span style=\"font-size: medium\">Nobile, Guillermo Javier<\/span><\/span><\/p>\n<p><span style=\"font-family: 'Times New Roman', serif\"><span style=\"font-size: medium\">La pol\u00edtica comunicacional del Instituto Nacional Juan Domingo Per\u00f3n de estudios e investigaciones hist\u00f3ricas, sociales y pol\u00edticas. <\/span><\/span><\/p>\n<p><span style=\"font-family: 'Times New Roman', serif\"><span style=\"font-size: medium\">2014.<\/span><\/span><\/p>\n<p><span style=\"font-family: 'Times New Roman', serif\"><span style=\"font-size: medium\">Tranchida, Fabricio Rom\u00e1n<\/span><\/span><\/p>\n<p><span style=\"font-family: 'Times New Roman', serif\"><span style=\"font-size: medium\">Juan Carlos Castagnino y el pasaje a China: Un artista en el contexto del viaje est\u00e9tico, un cambio en su factura de obra y un modelo de gesti\u00f3n cultural. 2014<\/span><\/span><\/p>\n<p><span style=\"font-family: 'Times New Roman', serif\"><span style=\"font-size: medium\">Mesisca, Roc\u00edo Bel\u00e9n<\/span><\/span><\/p>\n<p><span style=\"font-family: 'Times New Roman', serif\"><span style=\"font-size: medium\">Modelos est\u00e9ticos femeninos en la formaci\u00f3n del acervo cultural nacional (1880 &#8211; 1910). 2014.<\/span><\/span><\/p>\n<p><span style=\"font-family: 'Times New Roman', serif\"><span style=\"font-size: medium\">Manes, Isabel Noem\u00ed<\/span><\/span><\/p>\n<p><span style=\"font-family: 'Times New Roman', serif\"><span style=\"font-size: medium\">El patrimonio cultural como recurso tur\u00edstico: el caso de la ciudad de Buenos Aires. 2013<\/span><\/span><\/p>\n<p><span style=\"font-family: 'Times New Roman', serif\"><span style=\"font-size: medium\">Porro, Gabriela Esther<\/span><\/span><\/p>\n<p><span style=\"font-family: 'Times New Roman', serif\"><span style=\"font-size: medium\">Cartograf\u00eda cultural local del partido de Tres de Febrero: un aporte a la construcci\u00f3n de un modelo para la acci\u00f3n. 2013<\/span><\/span><\/p>\n<p><span style=\"font-family: 'Times New Roman', serif\"><span style=\"font-size: medium\">Da Damos, Silvia<\/span><\/span><\/p>\n<p><span style=\"font-family: 'Times New Roman', serif\"><span style=\"font-size: medium\">Arte mural en Tres de Febrero. 2013<\/span><\/span><\/p>\n<p><span style=\"font-family: 'Times New Roman', serif\"><span style=\"font-size: medium\">Arz\u00faa, Ver\u00f3nica<\/span><\/span><\/p>\n<p><span style=\"font-family: 'Times New Roman', serif\"><span style=\"font-size: medium\">Street art &#8211; artistas de las paredes: An\u00e1lisis de sus procesos de producci\u00f3n, circulaci\u00f3n y consumo (2001 \u2013 2013). 2013.<\/span><\/span><\/p>\n<p><span style=\"font-family: 'Times New Roman', serif\"><span style=\"font-size: medium\">Escolar, Valeria<\/span><\/span><\/p>\n<p><span style=\"font-family: 'Times New Roman', serif\"><span style=\"font-size: medium\">Proyecto Ronda: Circuito de museos y espacios culturales nacionales en la Ciudad Aut\u00f3noma de Buenos Aires. 2013.<\/span><\/span><\/p>\n<p><span style=\"font-family: 'Times New Roman', serif\"><span style=\"font-size: medium\">Quevedo Valencia, Tania Guadalupe<\/span><\/span><\/p>\n<p><span style=\"font-family: 'Times New Roman', serif\"><span style=\"font-size: medium\">La autogesti\u00f3n como modelo de gesti\u00f3n cultural: Chilavert recupera: el centro cultural de una empresa recuperada por sus trabajadores.2013.<\/span><\/span><\/p>\n<p><span style=\"font-family: 'Times New Roman', serif\"><span style=\"font-size: medium\">Bustamante, Roc\u00edo Julieta<\/span><\/span><\/p>\n<p><span style=\"font-family: 'Times New Roman', serif\"><span style=\"font-size: medium\">Financiamiento en peque\u00f1a escala de emprendimientos culturales informales: hacia un nuevo modelo de financiamiento de recursos. 2013.<\/span><\/span><\/p>\n<p><span style=\"font-family: 'Times New Roman', serif\"><span style=\"font-size: medium\">Rodr\u00edguez, Ariel Tom\u00e1s<\/span><\/span><\/p>\n<p><span style=\"font-family: 'Times New Roman', serif\"><span style=\"font-size: medium\">El festival de tango de la ciudad de Buenos Aires: desde el s\u00edmbolo de una identidad hasta una industria del tango. 2013.<\/span><\/span><\/p>\n<p><span style=\"font-family: 'Times New Roman', serif\"><span style=\"font-size: medium\">Fuentes Firmani, Emiliano<\/span><\/span><\/p>\n<p><span style=\"font-family: 'Times New Roman', serif\"><span style=\"font-size: medium\">El programa Puntos de cultura de secretar\u00eda de cultura de presidencia de la naci\u00f3n: una propuesta de mejoramiento de sus resultados. 2013.<\/span><\/span><\/p>\n<p><span style=\"font-family: 'Times New Roman', serif\"><span style=\"font-size: medium\">Padula, Agustina<\/span><\/span><\/p>\n<p><span style=\"font-family: 'Times New Roman', serif\"><span style=\"font-size: medium\">La muerte en el contexto actual: reflexiones acerca de la teor\u00eda y la gesti\u00f3n de los espacios funerarios. 2013.<\/span><\/span><\/p>\n<p><span style=\"font-family: 'Times New Roman', serif\"><span style=\"font-size: medium\">Abusamra, Silvana<\/span><\/span><\/p>\n<p><span style=\"font-family: 'Times New Roman', serif\"><span style=\"font-size: medium\">Imagen corporativa del archivo y museo hist\u00f3ricos del banco de la provincia de Buenos Aires Arturo Jauretche. 2012.<\/span><\/span><\/p>\n<p><span style=\"font-family: 'Times New Roman', serif\"><span style=\"font-size: medium\">Barone, Mar\u00eda In\u00e9s de los Milagros<\/span><\/span><\/p>\n<p><span style=\"font-family: 'Times New Roman', serif\"><span style=\"font-size: medium\">La figura del curador en las artes visuales: La emergencia del curador en la Argentina a partir de la d\u00e9cada del noventa : Una aproximaci\u00f3n a los debates actuales. 2012.<\/span><\/span><\/p>\n<p><span style=\"font-family: 'Times New Roman', serif\"><span style=\"font-size: medium\">Valente, Mirtha Lilian<\/span><\/span><\/p>\n<p><span style=\"font-family: 'Times New Roman', serif\"><span style=\"font-size: medium\">La presencia del tatuaje en el arte. 2012.<\/span><\/span><\/p>\n<p><span style=\"font-family: 'Times New Roman', serif\"><span style=\"font-size: medium\">Acosta, Elsa Alicia<\/span><\/span><\/p>\n<p><span style=\"font-family: 'Times New Roman', serif\"><span style=\"font-size: medium\">El museo de la deuda externa argentina: una propuesta de gesti\u00f3n para optimizar su funcionamiento. 2011.<\/span><\/span><\/p>\n<p><span style=\"font-family: 'Times New Roman', serif\"><span style=\"font-size: medium\">Gribnicow, Andr\u00e9s<\/span><\/span><\/p>\n<p><span style=\"font-family: 'Times New Roman', serif\"><span style=\"font-size: medium\">Gesti\u00f3n p\u00fablica con recursos mixtos en el Centro Metropolitano de Dise\u00f1o.2010.<\/span><\/span><\/p>\n<p><span style=\"font-family: 'Times New Roman', serif\"><span style=\"font-size: medium\">Catal\u00e1, Melisa<\/span><\/span><\/p>\n<p><span style=\"font-family: 'Times New Roman', serif\"><span style=\"font-size: medium\">El arte como herramienta para la trasformaci\u00f3n social: la Orquesta Infanto Juvenil del barrio Carlos Gardel. 2010.<\/span><\/span><\/p>\n<p><span style=\"font-family: 'Times New Roman', serif\"><span style=\"font-size: medium\">Marino Sans\u00e9au, Mar\u00eda Agustina<\/span><\/span><\/p>\n<p><span style=\"font-family: 'Times New Roman', serif\"><span style=\"font-size: medium\">El programa Matching Fund como estrategia de desarrollo de fondos para los museos. 2009.<\/span><\/span><\/p>\n<p><span style=\"font-family: 'Times New Roman', serif\"><span style=\"font-size: medium\">Fuhrman, Sof\u00eca In\u00e8s<\/span><\/span><\/p>\n<p><span style=\"font-family: 'Times New Roman', serif\"><span style=\"font-size: medium\">Las nuevas tecnolog\u00edas de la informaci\u00f3n y la comunicaci\u00f3n y la cadena de valor del libro. 2009.<\/span><\/span><\/p>\n<p><span style=\"font-family: 'Times New Roman', serif\"><span style=\"font-size: medium\">Braunstein, Elisa<\/span><\/span><\/p>\n<p><span style=\"font-family: 'Times New Roman', serif\"><span style=\"font-size: medium\">Museos de la memoria en Argentina: una aproximaci\u00f3n desde la gesti\u00f3n cultural. 2009.<\/span><\/span><\/p>\n<p><span style=\"font-family: 'Times New Roman', serif\"><span style=\"font-size: medium\">Ceserani, Roxana Susana<\/span><\/span><\/p>\n<p><span style=\"font-family: 'Times New Roman', serif\"><span style=\"font-size: medium\">Biblioteca escolar y gesti\u00f3n cultural: resultados en la comunidad educativa de una experiencia centrada en la promoci\u00f3n de la lectura literaria y otras actividades culturales, el caso de la escuela primaria n\u00ba 6 D.E. 16 dependiente del Gobierno de la Ciudad de Buenos Aires. 2009.<\/span><\/span><\/p>\n<p><span style=\"font-family: 'Times New Roman', serif\"><span style=\"font-size: medium\">Iesari, Gabriel. <\/span><\/span><\/p>\n<p><span style=\"font-family: 'Times New Roman', serif\"><span style=\"font-size: medium\">Cine independiente nacional: posibilidades de desarrollo de un cine alternativo. 2008.<\/span><\/span><\/p>\n<p><span style=\"font-family: 'Times New Roman', serif\"><span style=\"font-size: medium\">Arfenoni, Marianela<\/span><\/span><\/p>\n<p><span style=\"font-family: 'Times New Roman', serif\"><span style=\"font-size: medium\">Arte conceptual en Argentina: la recepci\u00f3n como factor primordial en la experiencia art\u00edstica. 2008.<\/span><\/span><\/p>\n<p><span style=\"font-family: 'Times New Roman', serif\"><span style=\"font-size: medium\">Esteve, Angela M\u00f3nica<\/span><\/span><\/p>\n<p><span style=\"font-family: 'Times New Roman', serif\"><span style=\"font-size: medium\">Propuesta de un modelo did\u00e1ctico para acercar a los j\u00f3venes al Arte Contempor\u00e1neo. 2008.<\/span><\/span><\/p>\n<p><span style=\"font-family: 'Times New Roman', serif\"><span style=\"font-size: medium\">Salas, Jorge<\/span><\/span><\/p>\n<p><span style=\"font-family: 'Times New Roman', serif\"><span style=\"font-size: medium\">La imagen institucional como factor de desarrollo en la gesti\u00f3n de museos. 2008.<\/span><\/span><\/p>\n<p><span style=\"font-family: 'Times New Roman', serif\"><span style=\"font-size: medium\">Mancinelli, Graciela Edith<\/span><\/span><\/p>\n<p><span style=\"font-family: 'Times New Roman', serif\"><span style=\"font-size: medium\">El mercado de arte en Buenos Aires. 2007.<\/span><\/span><\/p>\n<p><span style=\"font-family: 'Times New Roman', serif\"><span style=\"font-size: medium\">Mart\u00ednez, Silvano Ram\u00f3n. <\/span><\/span><\/p>\n<p><span style=\"font-family: 'Times New Roman', serif\"><span style=\"font-size: medium\">La m\u00fasica ind\u00edgena argentina. Su producci\u00f3n y circulaci\u00f3n. 2007.<\/span><\/span><\/p>\n<p><span style=\"font-family: 'Times New Roman', serif\"><span style=\"font-size: medium\">Graff, Mirta Otilia<\/span><\/span><\/p>\n<p><span style=\"font-family: 'Times New Roman', serif\"><span style=\"font-size: medium\">Transnacionalizaci\u00f3n de la industria editorial argentina en la d\u00e9cada 1990-2000. 2007.<\/span><\/span><\/p>\n<p><span style=\"font-family: 'Times New Roman', serif\"><span style=\"font-size: medium\">Masc\u00edas, Paula Alejandra<\/span><\/span><\/p>\n<p><span style=\"font-family: 'Times New Roman', serif\"><span style=\"font-size: medium\">El v\u00ednculo museos &#8211; instituci\u00f3n escolar: una propuesta para la generaci\u00f3n de nuevo p\u00fablico para los museos. 2007.<\/span><\/span><\/p>\n<p><span style=\"font-family: 'Times New Roman', serif\"><span style=\"font-size: medium\">S\u00e1enz Valiente, Natalia<\/span><\/span><\/p>\n<p><span style=\"font-family: 'Times New Roman', serif\"><span style=\"font-size: medium\">El enoturismo en Argentina: el vino como estrategia de desarrollo para el turismo cultural. 2007.<\/span><\/span><\/p>\n<p><span style=\"font-family: 'Times New Roman', serif\"><span style=\"font-size: medium\">Zuzulich, Jorge.<\/span><\/span><\/p>\n<p><span style=\"font-family: 'Times New Roman', serif\"><span style=\"font-size: medium\">La curadur\u00eda de artes electr\u00f3nicas en Argentina. (1988-2003).2006<\/span><\/span><\/p>\n<p><span style=\"font-family: 'Times New Roman', serif\"><span style=\"font-size: medium\">Mendes Calado, Pablo<\/span><\/span><\/p>\n<p><span style=\"font-family: 'Times New Roman', serif\"><span style=\"font-size: medium\">De la pol\u00edtica cultural patrimonialista a la cultura como recurso : las pol\u00edticas culturales de la Secretar\u00eda de Cultura de la Naci\u00f3n (1983 &#8211; 1999). 2006.<\/span><\/span><\/p>\n<p><span style=\"font-family: 'Times New Roman', serif\"><span style=\"font-size: medium\">Pagano, Marcela Laura<\/span><\/span><\/p>\n<p><span style=\"font-family: 'Times New Roman', serif\"><span style=\"font-size: medium\">El museo y su arquitectura: construcci\u00f3n de una imagen como factor de desarrollo. 2006.<\/span><\/span><\/p>\n<p><span style=\"font-family: 'Times New Roman', serif\"><span style=\"font-size: medium\">Sforzin, Antonio Juan<\/span><\/span><\/p>\n<p><span style=\"font-family: 'Times New Roman', serif\"><span style=\"font-size: medium\">Cumbia villera y mercado de la m\u00fasica: un an\u00e1lisis de la organizaci\u00f3n de la oferta. 2006.<\/span><\/span><\/p>\n<p><span style=\"font-family: 'Times New Roman', serif\"><span style=\"font-size: medium\">S\u00e1nchez Antelo, Mar\u00eda Alejandra<\/span><\/span><\/p>\n<p><span style=\"font-family: 'Times New Roman', serif\"><span style=\"font-size: medium\">Arte de la red : legitimaci\u00f3n y tensiones.2004.<\/span><\/span><\/p>\n<p><span style=\"font-family: 'Times New Roman', serif\"><span style=\"font-size: medium\">Mart\u00ednez Viademonte, Laura. <\/span><\/span><\/p>\n<p><span style=\"font-family: 'Times New Roman', serif\"><span style=\"font-size: medium\">Las radios comunitarias como herramienta de inserci\u00f3n social. . 2003.<\/span><\/span><\/p>\n<p>&nbsp;<\/p>\n","protected":false},"excerpt":{"rendered":"<p>Koehler, Natalia. \u00abModelos de formaci\u00f3n art\u00edstica en \u00e1reas de extensi\u00f3n universitaria. Diplomaturas art\u00edsticas del Centro Cultural de la Universidad Nacional de General Sarmiento\u00bb. 2018 Santiago, Lima. \u00abLa Educaci\u00f3n Intercultural y Bilingue: modelo de gobernanza para la recuperaci\u00f3n cultural en las comunidades guaran\u00edes del Ramal Juje\u00f1o (2006-2015)\u00bb. 2018 Mu\u00f1oz Iba\u00f1ez, Maria Trinidad Funcionamiento y Gesti\u00f3n del [&hellip;]<\/p>\n","protected":false},"author":3,"featured_media":0,"parent":0,"menu_order":0,"comment_status":"closed","ping_status":"closed","template":"","meta":[],"acf":[],"_links":{"self":[{"href":"https:\/\/untref.edu.ar\/sitios\/gac\/wp-json\/wp\/v2\/pages\/237"}],"collection":[{"href":"https:\/\/untref.edu.ar\/sitios\/gac\/wp-json\/wp\/v2\/pages"}],"about":[{"href":"https:\/\/untref.edu.ar\/sitios\/gac\/wp-json\/wp\/v2\/types\/page"}],"author":[{"embeddable":true,"href":"https:\/\/untref.edu.ar\/sitios\/gac\/wp-json\/wp\/v2\/users\/3"}],"replies":[{"embeddable":true,"href":"https:\/\/untref.edu.ar\/sitios\/gac\/wp-json\/wp\/v2\/comments?post=237"}],"version-history":[{"count":23,"href":"https:\/\/untref.edu.ar\/sitios\/gac\/wp-json\/wp\/v2\/pages\/237\/revisions"}],"predecessor-version":[{"id":422,"href":"https:\/\/untref.edu.ar\/sitios\/gac\/wp-json\/wp\/v2\/pages\/237\/revisions\/422"}],"wp:attachment":[{"href":"https:\/\/untref.edu.ar\/sitios\/gac\/wp-json\/wp\/v2\/media?parent=237"}],"curies":[{"name":"wp","href":"https:\/\/api.w.org\/{rel}","templated":true}]}}