{"id":229,"date":"2015-03-25T00:01:43","date_gmt":"2015-03-25T00:01:43","guid":{"rendered":"http:\/\/gac.dev\/?page_id=229"},"modified":"2017-08-01T14:43:12","modified_gmt":"2017-08-01T14:43:12","slug":"materias-2","status":"publish","type":"page","link":"https:\/\/untref.edu.ar\/sitios\/gac\/materias-2\/","title":{"rendered":"Materias"},"content":{"rendered":"<p><strong>Primer A\u00f1o:<\/strong><\/p>\n<p>Cuestiones de Sociolog\u00eda, Econom\u00eda y Pol\u00edtica * (R)<\/p>\n<p>Introducci\u00f3n a los Lenguajes Art\u00edsticos ** (R\/L)<\/p>\n<p>Cultura Contempor\u00e1nea *\u00a0(R)<\/p>\n<p>Administraci\u00f3n General ***\u00a0(R\/L)<\/p>\n<p>Problemas de Filosof\u00eda y Est\u00e9tica ***\u00a0(R\/L)<\/p>\n<p>Lenguaje Art\u00edstico I. Artes Visuales Manuales ***\u00a0(R\/L)<\/p>\n<p>Historia de la Cultura I ***\u00a0(R\/L)<\/p>\n<p>Introducci\u00f3n a la Problem\u00e1tica del Mundo Contempor\u00e1neo *\u00a0(R)<\/p>\n<p>Problemas de Historia del Siglo XX *\u00a0(R)<\/p>\n<p>Idioma (Ingl\u00e9s o Franc\u00e9s) I*\u00a0(R\/L)<\/p>\n<p>Inform\u00e1tica I*\u00a0(R\/L)<\/p>\n<p>&nbsp;<\/p>\n<p><strong>Segundo A\u00f1o:<\/strong><\/p>\n<p>Administraci\u00f3n de Recursos Humanos **\u00a0(R\/L)<\/p>\n<p>Psicosociolog\u00eda de las Organizaciones **\u00a0(R\/L)<\/p>\n<p>Econom\u00eda de la Cultura **\u00a0(R\/L)<\/p>\n<p>Lenguaje Art\u00edstico II. G\u00e9neros Literarios **\u00a0(R\/L)<\/p>\n<p>Taller de An\u00e1lisis y Dise\u00f1o de las Instituciones Culturales ***\u00a0(R)<\/p>\n<p>Psicolog\u00eda del Arte ***\u00a0(R\/L)<\/p>\n<p>Pol\u00edticas Culturales I ***\u00a0(R\/L)<\/p>\n<p>Lenguaje Art\u00edstico III. Teatro y Danza ***\u00a0(R\/L)<\/p>\n<p>Idioma (Ingl\u00e9s o Franc\u00e9s) II*\u00a0(R\/L)<\/p>\n<p>Inform\u00e1tica II*\u00a0(R\/L)<\/p>\n<p>&nbsp;<\/p>\n<p><strong>Tercer A\u00f1o:<\/strong><\/p>\n<p>Producci\u00f3n de Eventos Culturales **\u00a0(R)<\/p>\n<p>Lenguaje Art\u00edstico IV. Artesan\u00eda y Folklore **\u00a0(R\/L)<\/p>\n<p>Historia de la Cultura II **\u00a0(R\/L)<\/p>\n<p><strong>Titulo Intermedio: T\u00e9cnico en Gesti\u00f3n del Arte y la Cultur<\/strong>a<\/p>\n<p>Comunicaci\u00f3n e Imagen Institucional**\u00a0(R\/L)<\/p>\n<p>Marketing Cultural***\u00a0(R\/L)<\/p>\n<p>Pol\u00edticas Culturales II***\u00a0(R\/L)<\/p>\n<p>Lenguaje Art\u00edstico V. Lenguajes Musicales***\u00a0(R\/L)<\/p>\n<p>Historia de la Cultura III***\u00a0(R\/L)<\/p>\n<p>Idioma (Ingl\u00e9s o Franc\u00e9s) III*\u00a0(R\/L)<\/p>\n<p>Inform\u00e1tica III*\u00a0(R\/L)<\/p>\n<p>&nbsp;<\/p>\n<p><strong>Cuarto A\u00f1o:<\/strong><\/p>\n<p>Metodolog\u00eda de la Investigaci\u00f3n*\u00a0(R)<\/p>\n<p>Cr\u00edtica de las Artes**\u00a0(R\/L)<\/p>\n<p>Desarrollo de Fondos y Cooperaci\u00f3n Internacional**\u00a0(R\/L)<\/p>\n<p>Lenguaje Art\u00edstico VI. Artes Visuales Tecnol\u00f3gicas**\u00a0(R\/L)<\/p>\n<p>Sociolog\u00eda del Arte y la Cultura**\u00a0(R\/L)<\/p>\n<p>Conservaci\u00f3n, Expertizaje y Curadur\u00eda del Patrimonio Art\u00edstico***\u00a0(R)<\/p>\n<p>Dise\u00f1o y Evaluaci\u00f3n de Programas y Proyectos Culturales***\u00a0(R)<\/p>\n<p>Taller de Elaboraci\u00f3n de Trabajo Final*\u00a0(R)<\/p>\n<p>Lenguaje Art\u00edstico VII. Artes Multimedia y Artes Digitales***\u00a0(R)<\/p>\n<p>Seminario de T\u00f3picos de Avanzada*\u00a0(R)<\/p>\n<p>&nbsp;<\/p>\n<p>* Se dicta en todos los cuatrimestres<\/p>\n<p>** Se dicta durante el segundo cuatrimestre del a\u00f1o<\/p>\n<p>***\u00a0Se dicta durante el primer\u00a0cuatrimestre del a\u00f1o<\/p>\n<p>R &#8211; Se debe cursar obligatoriamente de manera regular<\/p>\n<p>R\/L &#8211; Se puede cursar regular o rendir libre, nunca superando el 25% del total de las materias<\/p>\n","protected":false},"excerpt":{"rendered":"<p>Primer A\u00f1o: Cuestiones de Sociolog\u00eda, Econom\u00eda y Pol\u00edtica * (R) Introducci\u00f3n a los Lenguajes Art\u00edsticos ** (R\/L) Cultura Contempor\u00e1nea *\u00a0(R) Administraci\u00f3n General ***\u00a0(R\/L) Problemas de Filosof\u00eda y Est\u00e9tica ***\u00a0(R\/L) Lenguaje Art\u00edstico I. Artes Visuales Manuales ***\u00a0(R\/L) Historia de la Cultura I ***\u00a0(R\/L) Introducci\u00f3n a la Problem\u00e1tica del Mundo Contempor\u00e1neo *\u00a0(R) Problemas de Historia del Siglo [&hellip;]<\/p>\n","protected":false},"author":3,"featured_media":0,"parent":0,"menu_order":0,"comment_status":"closed","ping_status":"closed","template":"","meta":[],"acf":[],"_links":{"self":[{"href":"https:\/\/untref.edu.ar\/sitios\/gac\/wp-json\/wp\/v2\/pages\/229"}],"collection":[{"href":"https:\/\/untref.edu.ar\/sitios\/gac\/wp-json\/wp\/v2\/pages"}],"about":[{"href":"https:\/\/untref.edu.ar\/sitios\/gac\/wp-json\/wp\/v2\/types\/page"}],"author":[{"embeddable":true,"href":"https:\/\/untref.edu.ar\/sitios\/gac\/wp-json\/wp\/v2\/users\/3"}],"replies":[{"embeddable":true,"href":"https:\/\/untref.edu.ar\/sitios\/gac\/wp-json\/wp\/v2\/comments?post=229"}],"version-history":[{"count":6,"href":"https:\/\/untref.edu.ar\/sitios\/gac\/wp-json\/wp\/v2\/pages\/229\/revisions"}],"predecessor-version":[{"id":752,"href":"https:\/\/untref.edu.ar\/sitios\/gac\/wp-json\/wp\/v2\/pages\/229\/revisions\/752"}],"wp:attachment":[{"href":"https:\/\/untref.edu.ar\/sitios\/gac\/wp-json\/wp\/v2\/media?parent=229"}],"curies":[{"name":"wp","href":"https:\/\/api.w.org\/{rel}","templated":true}]}}