{"id":227,"date":"2015-03-25T00:01:29","date_gmt":"2015-03-25T00:01:29","guid":{"rendered":"http:\/\/gac.dev\/?page_id=227"},"modified":"2015-05-27T16:03:15","modified_gmt":"2015-05-27T16:03:15","slug":"perfil-del-egresado-2","status":"publish","type":"page","link":"https:\/\/untref.edu.ar\/sitios\/gac\/perfil-del-egresado-2\/","title":{"rendered":"Perfil del Egresado"},"content":{"rendered":"<p>La carrera forma profesionales capaces de promover y gestionar actividades art\u00edsticas y culturales, con profundos conocimientos de los diferentes lenguajes art\u00edsticos y sus c\u00f3digos espec\u00edficos, lo cual aporta, a nuestros graduados, conocimientos para generar propuestas destinadas a mejorar la eficacia operativa de dichas actividades.<\/p>\n<p>&nbsp;<\/p>\n<p>Los graduados de la carrera tienen diferentes campos de inserci\u00f3n laboral, pero desde un punto de vista esquem\u00e1tico se podr\u00edan dividir del siguiente modo:<\/p>\n<p>&nbsp;<\/p>\n<p>a) Los organismos estatales, es decir, sectores que trabajan en el campo de la cultura a nivel nacional, provincial o municipal.<\/p>\n<p>&nbsp;<\/p>\n<p>b) La gesti\u00f3n de las organizaciones de las artes: teatros, centros culturales, museos.<\/p>\n<p>&nbsp;<\/p>\n<p>c) Las grandes, medianas y peque\u00f1as empresas de las llamadas industrias culturales (discogr\u00e1ficas, la industria del cine, la industria del libro, etc.)<\/p>\n<p>&nbsp;<\/p>\n<p>d) La gesti\u00f3n vinculada a ONGs, teatros comunitarios, organizaciones populares, etc.<\/p>\n","protected":false},"excerpt":{"rendered":"<p>La carrera forma profesionales capaces de promover y gestionar actividades art\u00edsticas y culturales, con profundos conocimientos de los diferentes lenguajes art\u00edsticos y sus c\u00f3digos espec\u00edficos, lo cual aporta, a nuestros graduados, conocimientos para generar propuestas destinadas a mejorar la eficacia operativa de dichas actividades. &nbsp; Los graduados de la carrera tienen diferentes campos de inserci\u00f3n [&hellip;]<\/p>\n","protected":false},"author":3,"featured_media":0,"parent":0,"menu_order":0,"comment_status":"closed","ping_status":"closed","template":"","meta":[],"acf":[],"_links":{"self":[{"href":"https:\/\/untref.edu.ar\/sitios\/gac\/wp-json\/wp\/v2\/pages\/227"}],"collection":[{"href":"https:\/\/untref.edu.ar\/sitios\/gac\/wp-json\/wp\/v2\/pages"}],"about":[{"href":"https:\/\/untref.edu.ar\/sitios\/gac\/wp-json\/wp\/v2\/types\/page"}],"author":[{"embeddable":true,"href":"https:\/\/untref.edu.ar\/sitios\/gac\/wp-json\/wp\/v2\/users\/3"}],"replies":[{"embeddable":true,"href":"https:\/\/untref.edu.ar\/sitios\/gac\/wp-json\/wp\/v2\/comments?post=227"}],"version-history":[{"count":6,"href":"https:\/\/untref.edu.ar\/sitios\/gac\/wp-json\/wp\/v2\/pages\/227\/revisions"}],"predecessor-version":[{"id":492,"href":"https:\/\/untref.edu.ar\/sitios\/gac\/wp-json\/wp\/v2\/pages\/227\/revisions\/492"}],"wp:attachment":[{"href":"https:\/\/untref.edu.ar\/sitios\/gac\/wp-json\/wp\/v2\/media?parent=227"}],"curies":[{"name":"wp","href":"https:\/\/api.w.org\/{rel}","templated":true}]}}