{"id":108,"date":"2015-03-16T23:30:43","date_gmt":"2015-03-16T23:30:43","guid":{"rendered":"http:\/\/ceipsu.dev\/?page_id=2"},"modified":"2015-03-16T23:30:43","modified_gmt":"2015-03-16T23:30:43","slug":"sample-page","status":"publish","type":"page","link":"https:\/\/untref.edu.ar\/sitios\/ceipsu\/sample-page\/","title":{"rendered":"\u00bfQu\u00e9 es CEIPSU?"},"content":{"rendered":"<p><strong>El Centro de Investigaciones en Pol\u00edticas Sociales Urbanas CEIPSU es una unidad universitaria especializada en la investigaci\u00f3n, el dise\u00f1o de pol\u00edticas y el desarrollo de proyectos de intervenci\u00f3n sobre la problem\u00e1tica social de los conglomerados urbanos en sus distintos aspectos y dimensiones.<\/strong><\/p>\n<div class=\"ceipsu-item\"> <div class=\"ceipsu-item-panel\" style=\"background-color:transparent;\"><div class=\"sh-two-column equalItemSh\"><h4>Objetivos<\/h4><\/div><div class=\"equalItemSh  ceipsu-item-content sh-ten-column last\"><br \/>\nTiene como objetivo intervenir activamente en el desarrollo de pol\u00edticas sociales destinadas a facilitar a los distintos grupos sociales el ejercicio de sus derechos, a trav\u00e9s de la realizaci\u00f3n de estudios e investigaciones para profundizar el conocimiento de las condiciones de vida de la poblaci\u00f3n urbana, a trav\u00e9s del asesoramiento a instituciones p\u00fablicas y privadas que desarrollan programas sociales y la ejecuci\u00f3n de proyectos de intervenci\u00f3n directa.<br \/>\n<\/div><\/div><hr class=\"clear\"><\/div>\n<div class=\"ceipsu-item\"> <div class=\"ceipsu-item-panel\" style=\"background-color:transparent;\"><div class=\"sh-two-column equalItemSh\"><h4>Proposito<\/h4><\/div><div class=\"equalItemSh  ceipsu-item-content sh-ten-column last\"><br \/>\nPara esos prop\u00f3sitos promueve la formaci\u00f3n de equipos profesionales de diferentes disciplinas que permitan abordar la compleja problem\u00e1tica social urbana con distintos enfoques y en diferentes niveles y manifestaciones.<br \/>\n<\/div><\/div><hr class=\"clear\"><\/div>\n<div class=\"paneles\">\n<div class=\"ceipsu-item\"> <div class=\"ceipsu-item-panel\" style=\"background-color:transparent;\"><div class=\"sh-two-column equalItemSh\"><h4>Desarrollo<\/h4><\/div><div class=\"equalItemSh  ceipsu-item-content sh-ten-column last\"><br \/>\nEl CEIPSU ha desarrollado un programa de posgrado: especializaci\u00f3n y maestr\u00eda en Pol\u00edticas Sociales Urbanas y desarrolla un programa de formaci\u00f3n de investigadores j\u00f3venes destinado a los estudiantes de grado y posgrado interesados en la investigaci\u00f3n social. Del mismo modo desarrolla el programa de \u201cpr\u00e1cticas profesionales asistidas\u201d para los estudiantes interesados en participar en programas sociales a nivel nacional, provincial o municipal, proyectos de organizaciones sociales o bien proyectos de intervenci\u00f3n que se ejecutan desde el CEIPSU<br \/>\nPara el desarrollo de sus actividades ha realizado y promueve convenios de colaboraci\u00f3n con entidades e instituciones del sector p\u00fablico y privado, con fundaciones del pa\u00eds y del extranjero y con distintas agencias del sistema de Naciones Unidas. Asimismo tiene el apoyo del programa de incentivos para la investigaci\u00f3n de la UNTREF destinado a docentes\/investigadores y de becas de iniciaci\u00f3n para estudiantes.<br \/>\n<\/div><\/div><hr class=\"clear\"><\/div><br \/>\n<div class=\"sh-half-column equalpanelSh ceipsu-panel garua-panel\" style=\"background-color:#EFF3F6;border:1px solid #E6E6E6;width:\"><\/p>\n<h3>Desarrollo Urbano y Desigualdad<\/h3>\n<ul>\n<li>Integraci\u00f3n y vulnerabilidad social<\/li>\n<li>G\u00e9nero y ciudad<\/li>\n<li>Ni\u00f1ez, adolescencia y juventud<\/li>\n<li>Discapacidad<\/li>\n<\/ul>\n<p><\/div><div class=\"sh-half-column last equalpanelSh ceipsu-panel garua-panel\" style=\"background-color:#EFF3F6;border:1px solid #E6E6E6;width:\"><\/p>\n<h3>Pol\u00edticas P\u00fablicas y Desarrollo social<\/h3>\n<ul>\n<li>Modelos de gesti\u00f3n e intervenci\u00f3n social, estado nacional y estados sub-nacionales<\/li>\n<li>Gesti\u00f3n social y Evaluaci\u00f3n de pol\u00edticas p\u00fablicas<\/li>\n<\/ul>\n<p><\/div><div class=\"sh-half-column equalpanelSh ceipsu-panel garua-panel\" style=\"background-color:#EFF3F6;border:1px solid #E6E6E6;width:\"><\/p>\n<h3>Cuesti\u00f3n social urbana y pol\u00edticas sociales<\/h3>\n<ul>\n<li>H\u00e1bitat y Vivienda<\/li>\n<li>Seguridad y Violencia Urbana<\/li>\n<li>Participaci\u00f3n social y movimientos sociales urbanos<\/li>\n<\/ul>\n<p><\/div>\n<\/p><\/div>\n","protected":false},"excerpt":{"rendered":"<p>El Centro de Investigaciones en Pol\u00edticas Sociales Urbanas CEIPSU es una unidad universitaria especializada en la investigaci\u00f3n, el dise\u00f1o de pol\u00edticas y el desarrollo de proyectos de intervenci\u00f3n sobre la problem\u00e1tica social de los conglomerados urbanos en sus distintos aspectos y dimensiones.<\/p>\n","protected":false},"author":3,"featured_media":0,"parent":0,"menu_order":0,"comment_status":"open","ping_status":"open","template":"","meta":[],"acf":[],"_links":{"self":[{"href":"https:\/\/untref.edu.ar\/sitios\/ceipsu\/wp-json\/wp\/v2\/pages\/108"}],"collection":[{"href":"https:\/\/untref.edu.ar\/sitios\/ceipsu\/wp-json\/wp\/v2\/pages"}],"about":[{"href":"https:\/\/untref.edu.ar\/sitios\/ceipsu\/wp-json\/wp\/v2\/types\/page"}],"author":[{"embeddable":true,"href":"https:\/\/untref.edu.ar\/sitios\/ceipsu\/wp-json\/wp\/v2\/users\/3"}],"replies":[{"embeddable":true,"href":"https:\/\/untref.edu.ar\/sitios\/ceipsu\/wp-json\/wp\/v2\/comments?post=108"}],"version-history":[{"count":1,"href":"https:\/\/untref.edu.ar\/sitios\/ceipsu\/wp-json\/wp\/v2\/pages\/108\/revisions"}],"predecessor-version":[{"id":290,"href":"https:\/\/untref.edu.ar\/sitios\/ceipsu\/wp-json\/wp\/v2\/pages\/108\/revisions\/290"}],"wp:attachment":[{"href":"https:\/\/untref.edu.ar\/sitios\/ceipsu\/wp-json\/wp\/v2\/media?parent=108"}],"curies":[{"name":"wp","href":"https:\/\/api.w.org\/{rel}","templated":true}]}}